{"id":6954,"date":"2019-05-21T09:27:22","date_gmt":"2019-05-21T07:27:22","guid":{"rendered":"https:\/\/alpenregionstreffen2020.com\/parkplaetze\/"},"modified":"2022-05-09T06:30:08","modified_gmt":"2022-05-09T04:30:08","slug":"parcheggi","status":"publish","type":"page","link":"https:\/\/alpenregionstreffen2020.com\/it\/parcheggi\/","title":{"rendered":"Parcheggi"},"content":{"rendered":"[vc_row type=&#8221;in_container&#8221; full_screen_row_position=&#8221;middle&#8221; column_margin=&#8221;default&#8221; column_direction=&#8221;default&#8221; column_direction_tablet=&#8221;default&#8221; column_direction_phone=&#8221;default&#8221; bg_color=&#8221;#e9e5dc&#8221; bg_image=&#8221;6564&#8243; bg_position=&#8221;left top&#8221; background_image_loading=&#8221;default&#8221; bg_repeat=&#8221;no-repeat&#8221; scene_position=&#8221;center&#8221; top_padding=&#8221;12%&#8221; bottom_padding=&#8221;12%&#8221; text_color=&#8221;dark&#8221; text_align=&#8221;left&#8221; row_border_radius=&#8221;none&#8221; row_border_radius_applies=&#8221;bg&#8221; overflow=&#8221;visible&#8221; overlay_strength=&#8221;0.3&#8243; gradient_direction=&#8221;left_to_right&#8221; enable_shape_divider=&#8221;true&#8221; shape_divider_color=&#8221;#ffffff&#8221; shape_divider_position=&#8221;bottom&#8221; shape_divider_height=&#8221;220&#8243; bg_image_animation=&#8221;none&#8221; shape_type=&#8221;curve&#8221;][vc_column column_padding=&#8221;no-extra-padding&#8221; column_padding_tablet=&#8221;inherit&#8221; column_padding_phone=&#8221;inherit&#8221; column_padding_position=&#8221;all&#8221; column_element_spacing=&#8221;default&#8221; background_color_opacity=&#8221;1&#8243; background_hover_color_opacity=&#8221;1&#8243; column_shadow=&#8221;none&#8221; column_border_radius=&#8221;none&#8221; column_link_target=&#8221;_self&#8221; column_position=&#8221;default&#8221; gradient_direction=&#8221;left_to_right&#8221; overlay_strength=&#8221;0.3&#8243; width=&#8221;1\/1&#8243; tablet_width_inherit=&#8221;default&#8221; tablet_text_alignment=&#8221;default&#8221; phone_text_alignment=&#8221;default&#8221; animation_type=&#8221;default&#8221; bg_image_animation=&#8221;none&#8221; border_type=&#8221;simple&#8221; column_border_width=&#8221;none&#8221; column_border_style=&#8221;solid&#8221;][vc_custom_heading text=&#8221;Parcheggi&#8221; font_container=&#8221;tag:h2|text_align:center|color:%23ffffff&#8221; use_theme_fonts=&#8221;yes&#8221;][\/vc_column][\/vc_row][vc_row type=&#8221;in_container&#8221; full_screen_row_position=&#8221;middle&#8221; column_margin=&#8221;default&#8221; column_direction=&#8221;default&#8221; column_direction_tablet=&#8221;default&#8221; column_direction_phone=&#8221;default&#8221; scene_position=&#8221;center&#8221; text_color=&#8221;dark&#8221; text_align=&#8221;left&#8221; row_border_radius=&#8221;none&#8221; row_border_radius_applies=&#8221;bg&#8221; overflow=&#8221;visible&#8221; overlay_strength=&#8221;0.3&#8243; gradient_direction=&#8221;left_to_right&#8221; shape_divider_position=&#8221;bottom&#8221; bg_image_animation=&#8221;none&#8221;][vc_column column_padding=&#8221;no-extra-padding&#8221; column_padding_tablet=&#8221;inherit&#8221; column_padding_phone=&#8221;inherit&#8221; column_padding_position=&#8221;all&#8221; column_element_spacing=&#8221;default&#8221; background_color_opacity=&#8221;1&#8243; background_hover_color_opacity=&#8221;1&#8243; column_shadow=&#8221;none&#8221; column_border_radius=&#8221;none&#8221; column_link_target=&#8221;_self&#8221; column_position=&#8221;default&#8221; gradient_direction=&#8221;left_to_right&#8221; overlay_strength=&#8221;0.3&#8243; width=&#8221;1\/6&#8243; tablet_width_inherit=&#8221;default&#8221; tablet_text_alignment=&#8221;default&#8221; phone_text_alignment=&#8221;default&#8221; animation_type=&#8221;default&#8221; bg_image_animation=&#8221;none&#8221; border_type=&#8221;simple&#8221; column_border_width=&#8221;none&#8221; column_border_style=&#8221;solid&#8221;][\/vc_column][vc_column column_padding=&#8221;no-extra-padding&#8221; column_padding_tablet=&#8221;inherit&#8221; column_padding_phone=&#8221;inherit&#8221; column_padding_position=&#8221;all&#8221; column_element_spacing=&#8221;default&#8221; background_color_opacity=&#8221;1&#8243; background_hover_color_opacity=&#8221;1&#8243; column_shadow=&#8221;none&#8221; column_border_radius=&#8221;none&#8221; column_link_target=&#8221;_self&#8221; column_position=&#8221;default&#8221; gradient_direction=&#8221;left_to_right&#8221; overlay_strength=&#8221;0.3&#8243; width=&#8221;2\/3&#8243; tablet_width_inherit=&#8221;default&#8221; tablet_text_alignment=&#8221;default&#8221; phone_text_alignment=&#8221;default&#8221; animation_type=&#8221;default&#8221; bg_image_animation=&#8221;none&#8221; border_type=&#8221;simple&#8221; column_border_width=&#8221;none&#8221; column_border_style=&#8221;solid&#8221;][vc_custom_heading text=&#8221;Domenica, 15 maggio 2022&#8243; font_container=&#8221;tag:h2|font_size:35|text_align:left&#8221; use_theme_fonts=&#8221;yes&#8221;][nectar_animated_title heading_tag=&#8221;h5&#8243; style=&#8221;color-strip-reveal&#8221; color=&#8221;Accent-Color&#8221; text=&#8221;Parcheggio con servizio navetta gratuito&#8221;][divider line_type=&#8221;Full Width Line&#8221; line_thickness=&#8221;1&#8243; divider_color=&#8221;default&#8221;][divider line_type=&#8221;No Line&#8221; custom_height=&#8221;30&#8243;][vc_column_text]Tutti i veicoli, come automobili e autobus, che provengono da nord o da sud, passano sulla tangenziale e saranno diretti al parcheggio pi\u00f9 vicino.[\/vc_column_text]<div class=\"nectar-fancy-ul\" data-list-icon=\"icon-salient-thin-line\" data-animation=\"true\" data-animation-delay=\"20\" data-color=\"accent-color\" data-spacing=\"default\" data-alignment=\"left\"> \n<ul>\n<li>P1: Prato &#8211; Autovetture<\/li>\n<li>P2: Campo sportivo &#8211; parcheggio per ospiti d&#8217;onore<\/li>\n<li>P3: Piscina pubblica &#8211; Autovetture \/ autobus<\/li>\n<li>P4: Intera zona artigianale &#8211; Autovetture \/ autobus<\/li>\n<li>P5: Terreno Ex-Hoppe &#8211; Autobus<\/li>\n<li>P6: Prato Blasinger &#8211; Autovetture<\/li>\n<li>P7: Schotterwerk Gufler Roland &#8211; Autobus (con servizio navetta)<\/li>\n<\/ul>\n <\/div>[image_with_animation image_url=&#8221;8141&#8243; image_size=&#8221;full&#8221; animation_type=&#8221;entrance&#8221; animation=&#8221;Fade In&#8221; hover_animation=&#8221;none&#8221; alignment=&#8221;&#8221; img_link_large=&#8221;yes&#8221; border_radius=&#8221;none&#8221; box_shadow=&#8221;none&#8221; image_loading=&#8221;default&#8221; max_width=&#8221;100%&#8221; max_width_mobile=&#8221;default&#8221;][image_with_animation image_url=&#8221;8510&#8243; image_size=&#8221;full&#8221; animation_type=&#8221;entrance&#8221; animation=&#8221;Fade In&#8221; hover_animation=&#8221;none&#8221; alignment=&#8221;&#8221; img_link_large=&#8221;yes&#8221; border_radius=&#8221;none&#8221; box_shadow=&#8221;none&#8221; image_loading=&#8221;default&#8221; max_width=&#8221;100%&#8221; max_width_mobile=&#8221;default&#8221;][\/vc_column][vc_column column_padding=&#8221;no-extra-padding&#8221; column_padding_tablet=&#8221;inherit&#8221; column_padding_phone=&#8221;inherit&#8221; column_padding_position=&#8221;all&#8221; column_element_spacing=&#8221;default&#8221; background_color_opacity=&#8221;1&#8243; background_hover_color_opacity=&#8221;1&#8243; column_shadow=&#8221;none&#8221; column_border_radius=&#8221;none&#8221; column_link_target=&#8221;_self&#8221; column_position=&#8221;default&#8221; gradient_direction=&#8221;left_to_right&#8221; overlay_strength=&#8221;0.3&#8243; width=&#8221;1\/6&#8243; tablet_width_inherit=&#8221;default&#8221; tablet_text_alignment=&#8221;default&#8221; phone_text_alignment=&#8221;default&#8221; animation_type=&#8221;default&#8221; bg_image_animation=&#8221;none&#8221; border_type=&#8221;simple&#8221; column_border_width=&#8221;none&#8221; column_border_style=&#8221;solid&#8221;][\/vc_column][\/vc_row][vc_row type=&#8221;full_width_background&#8221; full_screen_row_position=&#8221;middle&#8221; column_margin=&#8221;default&#8221; column_direction=&#8221;default&#8221; column_direction_tablet=&#8221;default&#8221; column_direction_phone=&#8221;default&#8221; bg_color=&#8221;#e9e5dc&#8221; scene_position=&#8221;center&#8221; text_color=&#8221;dark&#8221; text_align=&#8221;left&#8221; row_border_radius=&#8221;none&#8221; row_border_radius_applies=&#8221;bg&#8221; overflow=&#8221;visible&#8221; overlay_strength=&#8221;0.3&#8243; gradient_direction=&#8221;left_to_right&#8221; shape_divider_position=&#8221;bottom&#8221; bg_image_animation=&#8221;none&#8221; shape_type=&#8221;&#8221;][vc_column column_padding=&#8221;padding-4-percent&#8221; column_padding_tablet=&#8221;inherit&#8221; column_padding_phone=&#8221;inherit&#8221; column_padding_position=&#8221;all&#8221; column_element_spacing=&#8221;default&#8221; centered_text=&#8221;true&#8221; background_color_opacity=&#8221;1&#8243; background_hover_color_opacity=&#8221;1&#8243; column_shadow=&#8221;none&#8221; column_border_radius=&#8221;none&#8221; column_link_target=&#8221;_self&#8221; column_position=&#8221;default&#8221; gradient_direction=&#8221;left_to_right&#8221; overlay_strength=&#8221;0.3&#8243; width=&#8221;1\/1&#8243; tablet_width_inherit=&#8221;default&#8221; tablet_text_alignment=&#8221;default&#8221; phone_text_alignment=&#8221;default&#8221; animation_type=&#8221;default&#8221; bg_image_animation=&#8221;none&#8221; border_type=&#8221;simple&#8221; column_border_width=&#8221;none&#8221; column_border_style=&#8221;solid&#8221;][vc_column_text css=&#8221;.vc_custom_1585750002875{padding-top: 2% !important;padding-bottom: 2% !important;}&#8221;]\n<h2>Biglietti d\u2019ingresso<\/h2>\n[divider line_type=&#8221;No Line&#8221; custom_height=&#8221;20&#8243;][\/vc_column_text][nectar_btn size=&#8221;jumbo&#8221; button_style=&#8221;regular&#8221; button_color_2=&#8221;Accent-Color&#8221; icon_family=&#8221;none&#8221; url=&#8221;https:\/\/alpenregionstreffen2020.com\/it\/biglietti-info\/&#8221; text=&#8221;Biglietti &amp; Info&#8221;][\/vc_column][\/vc_row][vc_row type=&#8221;full_width_background&#8221; full_screen_row_position=&#8221;middle&#8221; column_margin=&#8221;default&#8221; column_direction=&#8221;default&#8221; column_direction_tablet=&#8221;default&#8221; column_direction_phone=&#8221;default&#8221; scene_position=&#8221;center&#8221; text_color=&#8221;dark&#8221; text_align=&#8221;left&#8221; row_border_radius=&#8221;none&#8221; row_border_radius_applies=&#8221;bg&#8221; zindex=&#8221;11&#8243; overflow=&#8221;visible&#8221; overlay_strength=&#8221;0.3&#8243; gradient_direction=&#8221;left_to_right&#8221; shape_divider_color=&#8221;#ffffff&#8221; shape_divider_position=&#8221;top&#8221; shape_divider_height=&#8221;80&#8243; bg_image_animation=&#8221;none&#8221; shape_type=&#8221;clouds&#8221;][vc_column column_padding=&#8221;no-extra-padding&#8221; column_padding_tablet=&#8221;inherit&#8221; column_padding_phone=&#8221;inherit&#8221; column_padding_position=&#8221;all&#8221; translate_y=&#8221;-50%&#8221; column_element_spacing=&#8221;default&#8221; background_color_opacity=&#8221;1&#8243; background_hover_color_opacity=&#8221;1&#8243; font_color=&#8221;#ffffff&#8221; column_shadow=&#8221;none&#8221; column_border_radius=&#8221;none&#8221; column_link_target=&#8221;_self&#8221; column_position=&#8221;default&#8221; gradient_direction=&#8221;left_to_right&#8221; overlay_strength=&#8221;0.3&#8243; width=&#8221;1\/1&#8243; tablet_width_inherit=&#8221;default&#8221; tablet_text_alignment=&#8221;default&#8221; phone_text_alignment=&#8221;default&#8221; animation_type=&#8221;default&#8221; bg_image_animation=&#8221;none&#8221; border_type=&#8221;simple&#8221; column_border_width=&#8221;none&#8221; column_border_style=&#8221;solid&#8221;][vc_row_inner content_placement=&#8221;bottom&#8221; column_margin=&#8221;default&#8221; column_direction=&#8221;default&#8221; column_direction_tablet=&#8221;default&#8221; column_direction_phone=&#8221;default&#8221; text_align=&#8221;left&#8221; row_position=&#8221;default&#8221; row_position_tablet=&#8221;inherit&#8221; row_position_phone=&#8221;inherit&#8221; overflow=&#8221;visible&#8221; pointer_events=&#8221;all&#8221;][vc_column_inner column_padding=&#8221;no-extra-padding&#8221; column_padding_tablet=&#8221;inherit&#8221; column_padding_phone=&#8221;inherit&#8221; column_padding_position=&#8221;all&#8221; top_margin=&#8221;+&#8221; column_element_spacing=&#8221;default&#8221; background_color_opacity=&#8221;1&#8243; background_hover_color_opacity=&#8221;1&#8243; font_color=&#8221;#ffffff&#8221; column_shadow=&#8221;medium_depth&#8221; column_border_radius=&#8221;none&#8221; column_link_target=&#8221;_self&#8221; gradient_direction=&#8221;left_to_right&#8221; overlay_strength=&#8221;0.3&#8243; width=&#8221;1\/4&#8243; tablet_width_inherit=&#8221;default&#8221; animation_type=&#8221;default&#8221; bg_image_animation=&#8221;none&#8221; border_type=&#8221;simple&#8221; column_border_width=&#8221;none&#8221; column_border_style=&#8221;solid&#8221;][\/vc_column_inner][vc_column_inner column_padding=&#8221;no-extra-padding&#8221; column_padding_tablet=&#8221;inherit&#8221; column_padding_phone=&#8221;inherit&#8221; column_padding_position=&#8221;all&#8221; column_element_spacing=&#8221;default&#8221; centered_text=&#8221;true&#8221; background_color_opacity=&#8221;1&#8243; background_hover_color_opacity=&#8221;1&#8243; column_shadow=&#8221;none&#8221; column_border_radius=&#8221;none&#8221; column_link_target=&#8221;_self&#8221; gradient_direction=&#8221;left_to_right&#8221; overlay_strength=&#8221;0.3&#8243; width=&#8221;1\/2&#8243; tablet_width_inherit=&#8221;default&#8221; animation_type=&#8221;default&#8221; enable_animation=&#8221;true&#8221; animation=&#8221;flip-in-vertical&#8221; bg_image_animation=&#8221;none&#8221; border_type=&#8221;simple&#8221; column_border_width=&#8221;none&#8221; column_border_style=&#8221;solid&#8221;][\/vc_column_inner][vc_column_inner column_padding=&#8221;padding-2-percent&#8221; column_padding_tablet=&#8221;inherit&#8221; column_padding_phone=&#8221;inherit&#8221; column_padding_position=&#8221;all&#8221; top_margin=&#8221;-13%&#8221; bottom_margin=&#8221;-12%&#8221; column_element_spacing=&#8221;default&#8221; background_color_opacity=&#8221;1&#8243; background_hover_color_opacity=&#8221;1&#8243; column_shadow=&#8221;none&#8221; column_border_radius=&#8221;none&#8221; column_link_target=&#8221;_self&#8221; gradient_direction=&#8221;left_to_right&#8221; overlay_strength=&#8221;0.3&#8243; width=&#8221;1\/4&#8243; tablet_width_inherit=&#8221;default&#8221; animation_type=&#8221;default&#8221; bg_image_animation=&#8221;none&#8221; border_type=&#8221;simple&#8221; column_border_width=&#8221;none&#8221; column_border_style=&#8221;solid&#8221;][image_with_animation image_url=&#8221;7874&#8243; image_size=&#8221;full&#8221; animation_type=&#8221;entrance&#8221; animation=&#8221;Fade In&#8221; hover_animation=&#8221;none&#8221; alignment=&#8221;&#8221; border_radius=&#8221;none&#8221; box_shadow=&#8221;none&#8221; image_loading=&#8221;default&#8221; max_width=&#8221;100%&#8221; max_width_mobile=&#8221;default&#8221;][\/vc_column_inner][\/vc_row_inner][\/vc_column][\/vc_row]\n","protected":false},"excerpt":{"rendered":"<p>[vc_row type=&#8221;in_container&#8221; full_screen_row_position=&#8221;middle&#8221; column_margin=&#8221;default&#8221; column_direction=&#8221;default&#8221; column_direction_tablet=&#8221;default&#8221; column_direction_phone=&#8221;default&#8221; bg_color=&#8221;#e9e5dc&#8221; bg_image=&#8221;6564&#8243; bg_position=&#8221;left top&#8221; background_image_loading=&#8221;default&#8221; bg_repeat=&#8221;no-repeat&#8221; scene_position=&#8221;center&#8221; top_padding=&#8221;12%&#8221; bottom_padding=&#8221;12%&#8221; text_color=&#8221;dark&#8221; text_align=&#8221;left&#8221; row_border_radius=&#8221;none&#8221; row_border_radius_applies=&#8221;bg&#8221; overflow=&#8221;visible&#8221; overlay_strength=&#8221;0.3&#8243; gradient_direction=&#8221;left_to_right&#8221; enable_shape_divider=&#8221;true&#8221; shape_divider_color=&#8221;#ffffff&#8221;&#8230;<\/p>\n","protected":false},"author":1,"featured_media":0,"parent":0,"menu_order":31,"comment_status":"closed","ping_status":"closed","template":"","meta":{"footnotes":""},"class_list":["post-6954","page","type-page","status-publish"],"yoast_head":"<!-- This site is optimized with the Yoast SEO plugin v26.5 - https:\/\/yoast.com\/wordpress\/plugins\/seo\/ -->\n<title>Parcheggi - 26. Alpenregionstreffen 2022 der Sch\u00fctzen von Tirol, S\u00fcdtirol, Welschtirol und Bayern<\/title>\n<meta name=\"robots\" content=\"index, follow, max-snippet:-1, max-image-preview:large, max-video-preview:-1\" \/>\n<link rel=\"canonical\" href=\"https:\/\/alpenregionstreffen2020.com\/it\/parcheggi\/\" \/>\n<meta property=\"og:locale\" content=\"it_IT\" \/>\n<meta property=\"og:type\" content=\"article\" \/>\n<meta property=\"og:title\" content=\"Parcheggi - 26. Alpenregionstreffen 2022 der Sch\u00fctzen von Tirol, S\u00fcdtirol, Welschtirol und Bayern\" \/>\n<meta property=\"og:description\" content=\"[vc_row type=&#8221;in_container&#8221; full_screen_row_position=&#8221;middle&#8221; column_margin=&#8221;default&#8221; column_direction=&#8221;default&#8221; column_direction_tablet=&#8221;default&#8221; column_direction_phone=&#8221;default&#8221; bg_color=&#8221;#e9e5dc&#8221; bg_image=&#8221;6564&#8243; bg_position=&#8221;left top&#8221; background_image_loading=&#8221;default&#8221; bg_repeat=&#8221;no-repeat&#8221; scene_position=&#8221;center&#8221; top_padding=&#8221;12%&#8221; bottom_padding=&#8221;12%&#8221; text_color=&#8221;dark&#8221; text_align=&#8221;left&#8221; row_border_radius=&#8221;none&#8221; row_border_radius_applies=&#8221;bg&#8221; overflow=&#8221;visible&#8221; overlay_strength=&#8221;0.3&#8243; gradient_direction=&#8221;left_to_right&#8221; enable_shape_divider=&#8221;true&#8221; shape_divider_color=&#8221;#ffffff&#8221;...\" \/>\n<meta property=\"og:url\" content=\"https:\/\/alpenregionstreffen2020.com\/it\/parcheggi\/\" \/>\n<meta property=\"og:site_name\" content=\"26. Alpenregionstreffen 2022 der Sch\u00fctzen von Tirol, S\u00fcdtirol, Welschtirol und Bayern\" \/>\n<meta property=\"article:modified_time\" content=\"2022-05-09T04:30:08+00:00\" \/>\n<meta property=\"og:image\" content=\"https:\/\/alpenregionstreffen2020.com\/wordpress\/wp-content\/uploads\/2022\/05\/52075557909_44bbeab912_k.jpg\" \/>\n\t<meta property=\"og:image:width\" content=\"2048\" \/>\n\t<meta property=\"og:image:height\" content=\"1365\" \/>\n\t<meta property=\"og:image:type\" content=\"image\/jpeg\" \/>\n<meta name=\"twitter:card\" content=\"summary_large_image\" \/>\n<meta name=\"twitter:label1\" content=\"Tempo di lettura stimato\" \/>\n\t<meta name=\"twitter:data1\" content=\"7 minutes\" \/>\n<script type=\"application\/ld+json\" class=\"yoast-schema-graph\">{\"@context\":\"https:\/\/schema.org\",\"@graph\":[{\"@type\":\"WebPage\",\"@id\":\"https:\/\/alpenregionstreffen2020.com\/it\/parcheggi\/\",\"url\":\"https:\/\/alpenregionstreffen2020.com\/it\/parcheggi\/\",\"name\":\"Parcheggi - 26. Alpenregionstreffen 2022 der Sch\u00fctzen von Tirol, S\u00fcdtirol, Welschtirol und Bayern\",\"isPartOf\":{\"@id\":\"https:\/\/alpenregionstreffen2020.com\/#website\"},\"datePublished\":\"2019-05-21T07:27:22+00:00\",\"dateModified\":\"2022-05-09T04:30:08+00:00\",\"breadcrumb\":{\"@id\":\"https:\/\/alpenregionstreffen2020.com\/it\/parcheggi\/#breadcrumb\"},\"inLanguage\":\"it-IT\",\"potentialAction\":[{\"@type\":\"ReadAction\",\"target\":[\"https:\/\/alpenregionstreffen2020.com\/it\/parcheggi\/\"]}]},{\"@type\":\"BreadcrumbList\",\"@id\":\"https:\/\/alpenregionstreffen2020.com\/it\/parcheggi\/#breadcrumb\",\"itemListElement\":[{\"@type\":\"ListItem\",\"position\":1,\"name\":\"Startseite\",\"item\":\"https:\/\/alpenregionstreffen2020.com\/it\/landing-corporate-2\/\"},{\"@type\":\"ListItem\",\"position\":2,\"name\":\"Parcheggi\"}]},{\"@type\":\"WebSite\",\"@id\":\"https:\/\/alpenregionstreffen2020.com\/#website\",\"url\":\"https:\/\/alpenregionstreffen2020.com\/\",\"name\":\"26. Alpenregionstreffen 2022 der Sch\u00fctzen von Tirol, S\u00fcdtirol, Welschtirol und Bayern\",\"description\":\"Das 26. Alpenregionstreffen der Sch\u00fctzen von Tirol, S\u00fcdtirol, Welschtirol und Bayern findet vom 13. \u2013 15. Mai 2022 in St. Martin im Passeiertal statt.\",\"publisher\":{\"@id\":\"https:\/\/alpenregionstreffen2020.com\/#organization\"},\"potentialAction\":[{\"@type\":\"SearchAction\",\"target\":{\"@type\":\"EntryPoint\",\"urlTemplate\":\"https:\/\/alpenregionstreffen2020.com\/?s={search_term_string}\"},\"query-input\":{\"@type\":\"PropertyValueSpecification\",\"valueRequired\":true,\"valueName\":\"search_term_string\"}}],\"inLanguage\":\"it-IT\"},{\"@type\":\"Organization\",\"@id\":\"https:\/\/alpenregionstreffen2020.com\/#organization\",\"name\":\"26. Alpenregionstreffen 2022 der Sch\u00fctzen von Tirol, S\u00fcdtirol, Welschtirol und Bayern\",\"url\":\"https:\/\/alpenregionstreffen2020.com\/\",\"logo\":{\"@type\":\"ImageObject\",\"inLanguage\":\"it-IT\",\"@id\":\"https:\/\/alpenregionstreffen2020.com\/#\/schema\/logo\/image\/\",\"url\":\"https:\/\/alpenregionstreffen2020.com\/wordpress\/wp-content\/uploads\/2019\/05\/schuetzenkompanie_st_martin_passeier.png\",\"contentUrl\":\"https:\/\/alpenregionstreffen2020.com\/wordpress\/wp-content\/uploads\/2019\/05\/schuetzenkompanie_st_martin_passeier.png\",\"width\":482,\"height\":496,\"caption\":\"26. Alpenregionstreffen 2022 der Sch\u00fctzen von Tirol, S\u00fcdtirol, Welschtirol und Bayern\"},\"image\":{\"@id\":\"https:\/\/alpenregionstreffen2020.com\/#\/schema\/logo\/image\/\"}}]}<\/script>\n<!-- \/ Yoast SEO plugin. -->","yoast_head_json":{"title":"Parcheggi - 26. Alpenregionstreffen 2022 der Sch\u00fctzen von Tirol, S\u00fcdtirol, Welschtirol und Bayern","robots":{"index":"index","follow":"follow","max-snippet":"max-snippet:-1","max-image-preview":"max-image-preview:large","max-video-preview":"max-video-preview:-1"},"canonical":"https:\/\/alpenregionstreffen2020.com\/it\/parcheggi\/","og_locale":"it_IT","og_type":"article","og_title":"Parcheggi - 26. Alpenregionstreffen 2022 der Sch\u00fctzen von Tirol, S\u00fcdtirol, Welschtirol und Bayern","og_description":"[vc_row type=&#8221;in_container&#8221; full_screen_row_position=&#8221;middle&#8221; column_margin=&#8221;default&#8221; column_direction=&#8221;default&#8221; column_direction_tablet=&#8221;default&#8221; column_direction_phone=&#8221;default&#8221; bg_color=&#8221;#e9e5dc&#8221; bg_image=&#8221;6564&#8243; bg_position=&#8221;left top&#8221; background_image_loading=&#8221;default&#8221; bg_repeat=&#8221;no-repeat&#8221; scene_position=&#8221;center&#8221; top_padding=&#8221;12%&#8221; bottom_padding=&#8221;12%&#8221; text_color=&#8221;dark&#8221; text_align=&#8221;left&#8221; row_border_radius=&#8221;none&#8221; row_border_radius_applies=&#8221;bg&#8221; overflow=&#8221;visible&#8221; overlay_strength=&#8221;0.3&#8243; gradient_direction=&#8221;left_to_right&#8221; enable_shape_divider=&#8221;true&#8221; shape_divider_color=&#8221;#ffffff&#8221;...","og_url":"https:\/\/alpenregionstreffen2020.com\/it\/parcheggi\/","og_site_name":"26. Alpenregionstreffen 2022 der Sch\u00fctzen von Tirol, S\u00fcdtirol, Welschtirol und Bayern","article_modified_time":"2022-05-09T04:30:08+00:00","og_image":[{"width":2048,"height":1365,"url":"https:\/\/alpenregionstreffen2020.com\/wordpress\/wp-content\/uploads\/2022\/05\/52075557909_44bbeab912_k.jpg","type":"image\/jpeg"}],"twitter_card":"summary_large_image","twitter_misc":{"Tempo di lettura stimato":"7 minutes"},"schema":{"@context":"https:\/\/schema.org","@graph":[{"@type":"WebPage","@id":"https:\/\/alpenregionstreffen2020.com\/it\/parcheggi\/","url":"https:\/\/alpenregionstreffen2020.com\/it\/parcheggi\/","name":"Parcheggi - 26. Alpenregionstreffen 2022 der Sch\u00fctzen von Tirol, S\u00fcdtirol, Welschtirol und Bayern","isPartOf":{"@id":"https:\/\/alpenregionstreffen2020.com\/#website"},"datePublished":"2019-05-21T07:27:22+00:00","dateModified":"2022-05-09T04:30:08+00:00","breadcrumb":{"@id":"https:\/\/alpenregionstreffen2020.com\/it\/parcheggi\/#breadcrumb"},"inLanguage":"it-IT","potentialAction":[{"@type":"ReadAction","target":["https:\/\/alpenregionstreffen2020.com\/it\/parcheggi\/"]}]},{"@type":"BreadcrumbList","@id":"https:\/\/alpenregionstreffen2020.com\/it\/parcheggi\/#breadcrumb","itemListElement":[{"@type":"ListItem","position":1,"name":"Startseite","item":"https:\/\/alpenregionstreffen2020.com\/it\/landing-corporate-2\/"},{"@type":"ListItem","position":2,"name":"Parcheggi"}]},{"@type":"WebSite","@id":"https:\/\/alpenregionstreffen2020.com\/#website","url":"https:\/\/alpenregionstreffen2020.com\/","name":"26. Alpenregionstreffen 2022 der Sch\u00fctzen von Tirol, S\u00fcdtirol, Welschtirol und Bayern","description":"Das 26. Alpenregionstreffen der Sch\u00fctzen von Tirol, S\u00fcdtirol, Welschtirol und Bayern findet vom 13. \u2013 15. Mai 2022 in St. Martin im Passeiertal statt.","publisher":{"@id":"https:\/\/alpenregionstreffen2020.com\/#organization"},"potentialAction":[{"@type":"SearchAction","target":{"@type":"EntryPoint","urlTemplate":"https:\/\/alpenregionstreffen2020.com\/?s={search_term_string}"},"query-input":{"@type":"PropertyValueSpecification","valueRequired":true,"valueName":"search_term_string"}}],"inLanguage":"it-IT"},{"@type":"Organization","@id":"https:\/\/alpenregionstreffen2020.com\/#organization","name":"26. Alpenregionstreffen 2022 der Sch\u00fctzen von Tirol, S\u00fcdtirol, Welschtirol und Bayern","url":"https:\/\/alpenregionstreffen2020.com\/","logo":{"@type":"ImageObject","inLanguage":"it-IT","@id":"https:\/\/alpenregionstreffen2020.com\/#\/schema\/logo\/image\/","url":"https:\/\/alpenregionstreffen2020.com\/wordpress\/wp-content\/uploads\/2019\/05\/schuetzenkompanie_st_martin_passeier.png","contentUrl":"https:\/\/alpenregionstreffen2020.com\/wordpress\/wp-content\/uploads\/2019\/05\/schuetzenkompanie_st_martin_passeier.png","width":482,"height":496,"caption":"26. Alpenregionstreffen 2022 der Sch\u00fctzen von Tirol, S\u00fcdtirol, Welschtirol und Bayern"},"image":{"@id":"https:\/\/alpenregionstreffen2020.com\/#\/schema\/logo\/image\/"}}]}},"_links":{"self":[{"href":"https:\/\/alpenregionstreffen2020.com\/it\/wp-json\/wp\/v2\/pages\/6954","targetHints":{"allow":["GET"]}}],"collection":[{"href":"https:\/\/alpenregionstreffen2020.com\/it\/wp-json\/wp\/v2\/pages"}],"about":[{"href":"https:\/\/alpenregionstreffen2020.com\/it\/wp-json\/wp\/v2\/types\/page"}],"author":[{"embeddable":true,"href":"https:\/\/alpenregionstreffen2020.com\/it\/wp-json\/wp\/v2\/users\/1"}],"replies":[{"embeddable":true,"href":"https:\/\/alpenregionstreffen2020.com\/it\/wp-json\/wp\/v2\/comments?post=6954"}],"version-history":[{"count":14,"href":"https:\/\/alpenregionstreffen2020.com\/it\/wp-json\/wp\/v2\/pages\/6954\/revisions"}],"predecessor-version":[{"id":8513,"href":"https:\/\/alpenregionstreffen2020.com\/it\/wp-json\/wp\/v2\/pages\/6954\/revisions\/8513"}],"wp:attachment":[{"href":"https:\/\/alpenregionstreffen2020.com\/it\/wp-json\/wp\/v2\/media?parent=6954"}],"curies":[{"name":"wp","href":"https:\/\/api.w.org\/{rel}","templated":true}]}}