{"id":7109,"date":"2019-06-26T13:22:16","date_gmt":"2019-06-26T11:22:16","guid":{"rendered":"https:\/\/alpenregionstreffen2020.com\/anmeldung\/"},"modified":"2022-04-22T12:15:44","modified_gmt":"2022-04-22T10:15:44","slug":"registrazione","status":"publish","type":"page","link":"https:\/\/alpenregionstreffen2020.com\/it\/registrazione\/","title":{"rendered":"Registrazione"},"content":{"rendered":"[vc_row type=&#8221;in_container&#8221; full_screen_row_position=&#8221;middle&#8221; column_margin=&#8221;default&#8221; column_direction=&#8221;default&#8221; column_direction_tablet=&#8221;default&#8221; column_direction_phone=&#8221;default&#8221; bg_color=&#8221;#e9e5dc&#8221; bg_image=&#8221;6227&#8243; bg_position=&#8221;left top&#8221; background_image_loading=&#8221;default&#8221; bg_repeat=&#8221;no-repeat&#8221; scene_position=&#8221;center&#8221; top_padding=&#8221;12%&#8221; bottom_padding=&#8221;12%&#8221; text_color=&#8221;dark&#8221; text_align=&#8221;left&#8221; row_border_radius=&#8221;none&#8221; row_border_radius_applies=&#8221;bg&#8221; overflow=&#8221;visible&#8221; overlay_strength=&#8221;0.3&#8243; gradient_direction=&#8221;left_to_right&#8221; enable_shape_divider=&#8221;true&#8221; shape_divider_color=&#8221;#ffffff&#8221; shape_divider_position=&#8221;bottom&#8221; shape_divider_height=&#8221;220&#8243; bg_image_animation=&#8221;none&#8221; shape_type=&#8221;curve&#8221;][vc_column column_padding=&#8221;no-extra-padding&#8221; column_padding_tablet=&#8221;inherit&#8221; column_padding_phone=&#8221;inherit&#8221; column_padding_position=&#8221;all&#8221; column_element_spacing=&#8221;default&#8221; background_color_opacity=&#8221;1&#8243; background_hover_color_opacity=&#8221;1&#8243; column_shadow=&#8221;none&#8221; column_border_radius=&#8221;none&#8221; column_link_target=&#8221;_self&#8221; column_position=&#8221;default&#8221; gradient_direction=&#8221;left_to_right&#8221; overlay_strength=&#8221;0.3&#8243; width=&#8221;1\/1&#8243; tablet_width_inherit=&#8221;default&#8221; tablet_text_alignment=&#8221;default&#8221; phone_text_alignment=&#8221;default&#8221; animation_type=&#8221;default&#8221; bg_image_animation=&#8221;none&#8221; border_type=&#8221;simple&#8221; column_border_width=&#8221;none&#8221; column_border_style=&#8221;solid&#8221;][vc_custom_heading text=&#8221;Registrazione&#8221; font_container=&#8221;tag:h2|text_align:center|color:%23ffffff&#8221; use_theme_fonts=&#8221;yes&#8221;][\/vc_column][\/vc_row][vc_row type=&#8221;in_container&#8221; full_screen_row_position=&#8221;middle&#8221; column_margin=&#8221;default&#8221; column_direction=&#8221;default&#8221; column_direction_tablet=&#8221;default&#8221; column_direction_phone=&#8221;default&#8221; scene_position=&#8221;center&#8221; text_color=&#8221;dark&#8221; text_align=&#8221;left&#8221; row_border_radius=&#8221;none&#8221; row_border_radius_applies=&#8221;bg&#8221; overflow=&#8221;visible&#8221; overlay_strength=&#8221;0.3&#8243; gradient_direction=&#8221;left_to_right&#8221; shape_divider_position=&#8221;bottom&#8221; bg_image_animation=&#8221;none&#8221; shape_type=&#8221;curve&#8221;][vc_column column_padding=&#8221;no-extra-padding&#8221; column_padding_tablet=&#8221;inherit&#8221; column_padding_phone=&#8221;inherit&#8221; column_padding_position=&#8221;all&#8221; column_element_spacing=&#8221;default&#8221; background_color_opacity=&#8221;1&#8243; background_hover_color_opacity=&#8221;1&#8243; column_shadow=&#8221;none&#8221; column_border_radius=&#8221;none&#8221; column_link_target=&#8221;_self&#8221; column_position=&#8221;default&#8221; gradient_direction=&#8221;left_to_right&#8221; overlay_strength=&#8221;0.3&#8243; width=&#8221;1\/1&#8243; tablet_width_inherit=&#8221;default&#8221; tablet_text_alignment=&#8221;default&#8221; phone_text_alignment=&#8221;default&#8221; animation_type=&#8221;default&#8221; bg_image_animation=&#8221;none&#8221; border_type=&#8221;simple&#8221; column_border_width=&#8221;none&#8221; column_border_style=&#8221;solid&#8221;][nectar_animated_title heading_tag=&#8221;h5&#8243; style=&#8221;color-strip-reveal&#8221; color=&#8221;Accent-Color&#8221; text=&#8221;Iscrizione al 26 \u00b0 Alpenregionstreffen 2022 di Sch\u00fctzen da Tirolo, S\u00fcdtirol, Trento e Bavaria&#8221;][divider line_type=&#8221;Full Width Line&#8221; line_thickness=&#8221;1&#8243; divider_color=&#8221;default&#8221; animate=&#8221;yes&#8221; custom_height=&#8221;40&#8243;][\/vc_column][\/vc_row][vc_row type=&#8221;in_container&#8221; full_screen_row_position=&#8221;middle&#8221; column_margin=&#8221;default&#8221; column_direction=&#8221;default&#8221; column_direction_tablet=&#8221;default&#8221; column_direction_phone=&#8221;default&#8221; scene_position=&#8221;center&#8221; text_color=&#8221;dark&#8221; text_align=&#8221;left&#8221; row_border_radius=&#8221;none&#8221; row_border_radius_applies=&#8221;bg&#8221; overflow=&#8221;visible&#8221; overlay_strength=&#8221;0.3&#8243; gradient_direction=&#8221;left_to_right&#8221; shape_divider_position=&#8221;bottom&#8221; bg_image_animation=&#8221;none&#8221;][vc_column column_padding=&#8221;no-extra-padding&#8221; column_padding_tablet=&#8221;inherit&#8221; column_padding_phone=&#8221;inherit&#8221; column_padding_position=&#8221;all&#8221; column_element_spacing=&#8221;default&#8221; background_color_opacity=&#8221;1&#8243; background_hover_color_opacity=&#8221;1&#8243; column_shadow=&#8221;none&#8221; column_border_radius=&#8221;none&#8221; column_link_target=&#8221;_self&#8221; column_position=&#8221;default&#8221; gradient_direction=&#8221;left_to_right&#8221; overlay_strength=&#8221;0.3&#8243; width=&#8221;1\/1&#8243; tablet_width_inherit=&#8221;default&#8221; tablet_text_alignment=&#8221;default&#8221; phone_text_alignment=&#8221;default&#8221; animation_type=&#8221;default&#8221; bg_image_animation=&#8221;none&#8221; border_type=&#8221;simple&#8221; column_border_width=&#8221;none&#8221; column_border_style=&#8221;solid&#8221;][\/vc_column][\/vc_row][vc_row type=&#8221;in_container&#8221; full_screen_row_position=&#8221;middle&#8221; column_margin=&#8221;default&#8221; column_direction=&#8221;default&#8221; column_direction_tablet=&#8221;default&#8221; column_direction_phone=&#8221;default&#8221; scene_position=&#8221;center&#8221; text_color=&#8221;dark&#8221; text_align=&#8221;left&#8221; row_border_radius=&#8221;none&#8221; row_border_radius_applies=&#8221;bg&#8221; overflow=&#8221;visible&#8221; overlay_strength=&#8221;0.3&#8243; gradient_direction=&#8221;left_to_right&#8221; shape_divider_position=&#8221;bottom&#8221; bg_image_animation=&#8221;none&#8221;][vc_column column_padding=&#8221;no-extra-padding&#8221; column_padding_tablet=&#8221;inherit&#8221; column_padding_phone=&#8221;inherit&#8221; column_padding_position=&#8221;all&#8221; column_element_spacing=&#8221;default&#8221; background_color_opacity=&#8221;1&#8243; background_hover_color_opacity=&#8221;1&#8243; column_shadow=&#8221;none&#8221; column_border_radius=&#8221;none&#8221; column_link_target=&#8221;_self&#8221; column_position=&#8221;default&#8221; gradient_direction=&#8221;left_to_right&#8221; overlay_strength=&#8221;0.3&#8243; width=&#8221;1\/2&#8243; tablet_width_inherit=&#8221;default&#8221; tablet_text_alignment=&#8221;default&#8221; phone_text_alignment=&#8221;default&#8221; animation_type=&#8221;default&#8221; bg_image_animation=&#8221;none&#8221; border_type=&#8221;simple&#8221; column_border_width=&#8221;none&#8221; column_border_style=&#8221;solid&#8221;][nectar_animated_title heading_tag=&#8221;h5&#8243; style=&#8221;color-strip-reveal&#8221; color=&#8221;Accent-Color&#8221; text=&#8221;Ufficio del turismo&#8221;][vc_column_text]<strong>Associazione turistica Passeiertal<\/strong><\/p>\n<p>via Passiria 40<br \/>\n39015 St. Leonhard in Passeier<\/p>\n<p><a href=\"tel:00390473656188\">Tel. +39 0473 656 188<\/a><br \/>\n<a href=\"mailto:info@passeiertal.it\">info@passeiertal.it<\/a>[\/vc_column_text][\/vc_column][vc_column column_padding=&#8221;no-extra-padding&#8221; column_padding_tablet=&#8221;inherit&#8221; column_padding_phone=&#8221;inherit&#8221; column_padding_position=&#8221;all&#8221; column_element_spacing=&#8221;default&#8221; background_color_opacity=&#8221;1&#8243; background_hover_color_opacity=&#8221;1&#8243; column_shadow=&#8221;none&#8221; column_border_radius=&#8221;none&#8221; column_link_target=&#8221;_self&#8221; column_position=&#8221;default&#8221; gradient_direction=&#8221;left_to_right&#8221; overlay_strength=&#8221;0.3&#8243; width=&#8221;1\/2&#8243; tablet_width_inherit=&#8221;default&#8221; tablet_text_alignment=&#8221;default&#8221; phone_text_alignment=&#8221;default&#8221; animation_type=&#8221;default&#8221; bg_image_animation=&#8221;none&#8221; border_type=&#8221;simple&#8221; column_border_width=&#8221;none&#8221; column_border_style=&#8221;solid&#8221;][\/vc_column][\/vc_row][vc_row type=&#8221;in_container&#8221; full_screen_row_position=&#8221;middle&#8221; column_margin=&#8221;default&#8221; column_direction=&#8221;default&#8221; column_direction_tablet=&#8221;default&#8221; column_direction_phone=&#8221;default&#8221; scene_position=&#8221;center&#8221; text_color=&#8221;dark&#8221; text_align=&#8221;left&#8221; row_border_radius=&#8221;none&#8221; row_border_radius_applies=&#8221;bg&#8221; overflow=&#8221;visible&#8221; overlay_strength=&#8221;0.3&#8243; gradient_direction=&#8221;left_to_right&#8221; shape_divider_position=&#8221;bottom&#8221; bg_image_animation=&#8221;none&#8221;][vc_column column_padding=&#8221;no-extra-padding&#8221; column_padding_tablet=&#8221;inherit&#8221; column_padding_phone=&#8221;inherit&#8221; column_padding_position=&#8221;all&#8221; column_element_spacing=&#8221;default&#8221; background_color_opacity=&#8221;1&#8243; background_hover_color_opacity=&#8221;1&#8243; column_shadow=&#8221;none&#8221; column_border_radius=&#8221;none&#8221; column_link_target=&#8221;_self&#8221; column_position=&#8221;default&#8221; gradient_direction=&#8221;left_to_right&#8221; overlay_strength=&#8221;0.3&#8243; width=&#8221;1\/1&#8243; tablet_width_inherit=&#8221;default&#8221; tablet_text_alignment=&#8221;default&#8221; phone_text_alignment=&#8221;default&#8221; animation_type=&#8221;default&#8221; bg_image_animation=&#8221;none&#8221; border_type=&#8221;simple&#8221; column_border_width=&#8221;none&#8221; column_border_style=&#8221;solid&#8221;][vc_raw_html]JTNDc2NyaXB0JTNFJTBBZG9jdW1lbnQuYWRkRXZlbnRMaXN0ZW5lciUyOCUyMCUyN3dwY2Y3bWFpbHNlbnQlMjclMkMlMjBmdW5jdGlvbiUyOCUyMGV2ZW50JTIwJTI5JTIwJTdCJTBBJTIwJTIwJTIwJTIwbG9jYXRpb24lMjAlM0QlMjAlMjdodHRwcyUzQSUyRiUyRmFscGVucmVnaW9uc3RyZWZmZW4yMDIwLmNvbSUyRmFubWVsZHVuZ2VuLWZ1ZXItZGFzLTI2LWFscGVucmVnaW9uc3RyZWZmZW4tMjAyMC1pbi1wYXNzZWllcnRhbCUyRiUyNyUzQiUwQSU3RCUyQyUyMGZhbHNlJTIwJTI5JTNCJTBBJTNDJTJGc2NyaXB0JTNF[\/vc_raw_html][\/vc_column][\/vc_row]\n","protected":false},"excerpt":{"rendered":"<p>[vc_row type=&#8221;in_container&#8221; full_screen_row_position=&#8221;middle&#8221; column_margin=&#8221;default&#8221; column_direction=&#8221;default&#8221; column_direction_tablet=&#8221;default&#8221; column_direction_phone=&#8221;default&#8221; bg_color=&#8221;#e9e5dc&#8221; bg_image=&#8221;6227&#8243; bg_position=&#8221;left top&#8221; background_image_loading=&#8221;default&#8221; bg_repeat=&#8221;no-repeat&#8221; scene_position=&#8221;center&#8221; top_padding=&#8221;12%&#8221; bottom_padding=&#8221;12%&#8221; text_color=&#8221;dark&#8221; text_align=&#8221;left&#8221; row_border_radius=&#8221;none&#8221; row_border_radius_applies=&#8221;bg&#8221; overflow=&#8221;visible&#8221; overlay_strength=&#8221;0.3&#8243; gradient_direction=&#8221;left_to_right&#8221; enable_shape_divider=&#8221;true&#8221; shape_divider_color=&#8221;#ffffff&#8221;&#8230;<\/p>\n","protected":false},"author":1,"featured_media":7962,"parent":0,"menu_order":70,"comment_status":"closed","ping_status":"closed","template":"","meta":{"footnotes":""},"class_list":["post-7109","page","type-page","status-publish","has-post-thumbnail"],"yoast_head":"<!-- This site is optimized with the Yoast SEO plugin v26.5 - https:\/\/yoast.com\/wordpress\/plugins\/seo\/ -->\n<title>Registrazione - 26. Alpenregionstreffen 2022 der Sch\u00fctzen von Tirol, S\u00fcdtirol, Welschtirol und Bayern<\/title>\n<meta name=\"robots\" content=\"index, follow, max-snippet:-1, max-image-preview:large, max-video-preview:-1\" \/>\n<link rel=\"canonical\" href=\"https:\/\/alpenregionstreffen2020.com\/it\/registrazione\/\" \/>\n<meta property=\"og:locale\" content=\"it_IT\" \/>\n<meta property=\"og:type\" content=\"article\" \/>\n<meta property=\"og:title\" content=\"Registrazione - 26. Alpenregionstreffen 2022 der Sch\u00fctzen von Tirol, S\u00fcdtirol, Welschtirol und Bayern\" \/>\n<meta property=\"og:description\" content=\"[vc_row type=&#8221;in_container&#8221; full_screen_row_position=&#8221;middle&#8221; column_margin=&#8221;default&#8221; column_direction=&#8221;default&#8221; column_direction_tablet=&#8221;default&#8221; column_direction_phone=&#8221;default&#8221; bg_color=&#8221;#e9e5dc&#8221; bg_image=&#8221;6227&#8243; bg_position=&#8221;left top&#8221; background_image_loading=&#8221;default&#8221; bg_repeat=&#8221;no-repeat&#8221; scene_position=&#8221;center&#8221; top_padding=&#8221;12%&#8221; bottom_padding=&#8221;12%&#8221; text_color=&#8221;dark&#8221; text_align=&#8221;left&#8221; row_border_radius=&#8221;none&#8221; row_border_radius_applies=&#8221;bg&#8221; overflow=&#8221;visible&#8221; overlay_strength=&#8221;0.3&#8243; gradient_direction=&#8221;left_to_right&#8221; enable_shape_divider=&#8221;true&#8221; shape_divider_color=&#8221;#ffffff&#8221;...\" \/>\n<meta property=\"og:url\" content=\"https:\/\/alpenregionstreffen2020.com\/it\/registrazione\/\" \/>\n<meta property=\"og:site_name\" content=\"26. Alpenregionstreffen 2022 der Sch\u00fctzen von Tirol, S\u00fcdtirol, Welschtirol und Bayern\" \/>\n<meta property=\"article:modified_time\" content=\"2022-04-22T10:15:44+00:00\" \/>\n<meta property=\"og:image\" content=\"https:\/\/alpenregionstreffen2020.com\/wordpress\/wp-content\/uploads\/2021\/11\/SK_StMartin-2021-Hubert-Go\u0308gele-scaled.jpg\" \/>\n\t<meta property=\"og:image:width\" content=\"2560\" \/>\n\t<meta property=\"og:image:height\" content=\"1707\" \/>\n\t<meta property=\"og:image:type\" content=\"image\/jpeg\" \/>\n<meta name=\"twitter:card\" content=\"summary_large_image\" \/>\n<meta name=\"twitter:label1\" content=\"Tempo di lettura stimato\" \/>\n\t<meta name=\"twitter:data1\" content=\"5 minutes\" \/>\n<script type=\"application\/ld+json\" class=\"yoast-schema-graph\">{\"@context\":\"https:\/\/schema.org\",\"@graph\":[{\"@type\":\"WebPage\",\"@id\":\"https:\/\/alpenregionstreffen2020.com\/it\/registrazione\/\",\"url\":\"https:\/\/alpenregionstreffen2020.com\/it\/registrazione\/\",\"name\":\"Registrazione - 26. Alpenregionstreffen 2022 der Sch\u00fctzen von Tirol, S\u00fcdtirol, Welschtirol und Bayern\",\"isPartOf\":{\"@id\":\"https:\/\/alpenregionstreffen2020.com\/#website\"},\"primaryImageOfPage\":{\"@id\":\"https:\/\/alpenregionstreffen2020.com\/it\/registrazione\/#primaryimage\"},\"image\":{\"@id\":\"https:\/\/alpenregionstreffen2020.com\/it\/registrazione\/#primaryimage\"},\"thumbnailUrl\":\"https:\/\/alpenregionstreffen2020.com\/wordpress\/wp-content\/uploads\/2021\/11\/SK_StMartin-2021-Hubert-Go\u0308gele-scaled.jpg\",\"datePublished\":\"2019-06-26T11:22:16+00:00\",\"dateModified\":\"2022-04-22T10:15:44+00:00\",\"breadcrumb\":{\"@id\":\"https:\/\/alpenregionstreffen2020.com\/it\/registrazione\/#breadcrumb\"},\"inLanguage\":\"it-IT\",\"potentialAction\":[{\"@type\":\"ReadAction\",\"target\":[\"https:\/\/alpenregionstreffen2020.com\/it\/registrazione\/\"]}]},{\"@type\":\"ImageObject\",\"inLanguage\":\"it-IT\",\"@id\":\"https:\/\/alpenregionstreffen2020.com\/it\/registrazione\/#primaryimage\",\"url\":\"https:\/\/alpenregionstreffen2020.com\/wordpress\/wp-content\/uploads\/2021\/11\/SK_StMartin-2021-Hubert-Go\u0308gele-scaled.jpg\",\"contentUrl\":\"https:\/\/alpenregionstreffen2020.com\/wordpress\/wp-content\/uploads\/2021\/11\/SK_StMartin-2021-Hubert-Go\u0308gele-scaled.jpg\",\"width\":2560,\"height\":1707},{\"@type\":\"BreadcrumbList\",\"@id\":\"https:\/\/alpenregionstreffen2020.com\/it\/registrazione\/#breadcrumb\",\"itemListElement\":[{\"@type\":\"ListItem\",\"position\":1,\"name\":\"Startseite\",\"item\":\"https:\/\/alpenregionstreffen2020.com\/it\/landing-corporate-2\/\"},{\"@type\":\"ListItem\",\"position\":2,\"name\":\"Registrazione\"}]},{\"@type\":\"WebSite\",\"@id\":\"https:\/\/alpenregionstreffen2020.com\/#website\",\"url\":\"https:\/\/alpenregionstreffen2020.com\/\",\"name\":\"26. Alpenregionstreffen 2022 der Sch\u00fctzen von Tirol, S\u00fcdtirol, Welschtirol und Bayern\",\"description\":\"Das 26. Alpenregionstreffen der Sch\u00fctzen von Tirol, S\u00fcdtirol, Welschtirol und Bayern findet vom 13. \u2013 15. Mai 2022 in St. Martin im Passeiertal statt.\",\"publisher\":{\"@id\":\"https:\/\/alpenregionstreffen2020.com\/#organization\"},\"potentialAction\":[{\"@type\":\"SearchAction\",\"target\":{\"@type\":\"EntryPoint\",\"urlTemplate\":\"https:\/\/alpenregionstreffen2020.com\/?s={search_term_string}\"},\"query-input\":{\"@type\":\"PropertyValueSpecification\",\"valueRequired\":true,\"valueName\":\"search_term_string\"}}],\"inLanguage\":\"it-IT\"},{\"@type\":\"Organization\",\"@id\":\"https:\/\/alpenregionstreffen2020.com\/#organization\",\"name\":\"26. Alpenregionstreffen 2022 der Sch\u00fctzen von Tirol, S\u00fcdtirol, Welschtirol und Bayern\",\"url\":\"https:\/\/alpenregionstreffen2020.com\/\",\"logo\":{\"@type\":\"ImageObject\",\"inLanguage\":\"it-IT\",\"@id\":\"https:\/\/alpenregionstreffen2020.com\/#\/schema\/logo\/image\/\",\"url\":\"https:\/\/alpenregionstreffen2020.com\/wordpress\/wp-content\/uploads\/2019\/05\/schuetzenkompanie_st_martin_passeier.png\",\"contentUrl\":\"https:\/\/alpenregionstreffen2020.com\/wordpress\/wp-content\/uploads\/2019\/05\/schuetzenkompanie_st_martin_passeier.png\",\"width\":482,\"height\":496,\"caption\":\"26. Alpenregionstreffen 2022 der Sch\u00fctzen von Tirol, S\u00fcdtirol, Welschtirol und Bayern\"},\"image\":{\"@id\":\"https:\/\/alpenregionstreffen2020.com\/#\/schema\/logo\/image\/\"}}]}<\/script>\n<!-- \/ Yoast SEO plugin. -->","yoast_head_json":{"title":"Registrazione - 26. Alpenregionstreffen 2022 der Sch\u00fctzen von Tirol, S\u00fcdtirol, Welschtirol und Bayern","robots":{"index":"index","follow":"follow","max-snippet":"max-snippet:-1","max-image-preview":"max-image-preview:large","max-video-preview":"max-video-preview:-1"},"canonical":"https:\/\/alpenregionstreffen2020.com\/it\/registrazione\/","og_locale":"it_IT","og_type":"article","og_title":"Registrazione - 26. Alpenregionstreffen 2022 der Sch\u00fctzen von Tirol, S\u00fcdtirol, Welschtirol und Bayern","og_description":"[vc_row type=&#8221;in_container&#8221; full_screen_row_position=&#8221;middle&#8221; column_margin=&#8221;default&#8221; column_direction=&#8221;default&#8221; column_direction_tablet=&#8221;default&#8221; column_direction_phone=&#8221;default&#8221; bg_color=&#8221;#e9e5dc&#8221; bg_image=&#8221;6227&#8243; bg_position=&#8221;left top&#8221; background_image_loading=&#8221;default&#8221; bg_repeat=&#8221;no-repeat&#8221; scene_position=&#8221;center&#8221; top_padding=&#8221;12%&#8221; bottom_padding=&#8221;12%&#8221; text_color=&#8221;dark&#8221; text_align=&#8221;left&#8221; row_border_radius=&#8221;none&#8221; row_border_radius_applies=&#8221;bg&#8221; overflow=&#8221;visible&#8221; overlay_strength=&#8221;0.3&#8243; gradient_direction=&#8221;left_to_right&#8221; enable_shape_divider=&#8221;true&#8221; shape_divider_color=&#8221;#ffffff&#8221;...","og_url":"https:\/\/alpenregionstreffen2020.com\/it\/registrazione\/","og_site_name":"26. Alpenregionstreffen 2022 der Sch\u00fctzen von Tirol, S\u00fcdtirol, Welschtirol und Bayern","article_modified_time":"2022-04-22T10:15:44+00:00","og_image":[{"width":2560,"height":1707,"url":"https:\/\/alpenregionstreffen2020.com\/wordpress\/wp-content\/uploads\/2021\/11\/SK_StMartin-2021-Hubert-Go\u0308gele-scaled.jpg","type":"image\/jpeg"}],"twitter_card":"summary_large_image","twitter_misc":{"Tempo di lettura stimato":"5 minutes"},"schema":{"@context":"https:\/\/schema.org","@graph":[{"@type":"WebPage","@id":"https:\/\/alpenregionstreffen2020.com\/it\/registrazione\/","url":"https:\/\/alpenregionstreffen2020.com\/it\/registrazione\/","name":"Registrazione - 26. Alpenregionstreffen 2022 der Sch\u00fctzen von Tirol, S\u00fcdtirol, Welschtirol und Bayern","isPartOf":{"@id":"https:\/\/alpenregionstreffen2020.com\/#website"},"primaryImageOfPage":{"@id":"https:\/\/alpenregionstreffen2020.com\/it\/registrazione\/#primaryimage"},"image":{"@id":"https:\/\/alpenregionstreffen2020.com\/it\/registrazione\/#primaryimage"},"thumbnailUrl":"https:\/\/alpenregionstreffen2020.com\/wordpress\/wp-content\/uploads\/2021\/11\/SK_StMartin-2021-Hubert-Go\u0308gele-scaled.jpg","datePublished":"2019-06-26T11:22:16+00:00","dateModified":"2022-04-22T10:15:44+00:00","breadcrumb":{"@id":"https:\/\/alpenregionstreffen2020.com\/it\/registrazione\/#breadcrumb"},"inLanguage":"it-IT","potentialAction":[{"@type":"ReadAction","target":["https:\/\/alpenregionstreffen2020.com\/it\/registrazione\/"]}]},{"@type":"ImageObject","inLanguage":"it-IT","@id":"https:\/\/alpenregionstreffen2020.com\/it\/registrazione\/#primaryimage","url":"https:\/\/alpenregionstreffen2020.com\/wordpress\/wp-content\/uploads\/2021\/11\/SK_StMartin-2021-Hubert-Go\u0308gele-scaled.jpg","contentUrl":"https:\/\/alpenregionstreffen2020.com\/wordpress\/wp-content\/uploads\/2021\/11\/SK_StMartin-2021-Hubert-Go\u0308gele-scaled.jpg","width":2560,"height":1707},{"@type":"BreadcrumbList","@id":"https:\/\/alpenregionstreffen2020.com\/it\/registrazione\/#breadcrumb","itemListElement":[{"@type":"ListItem","position":1,"name":"Startseite","item":"https:\/\/alpenregionstreffen2020.com\/it\/landing-corporate-2\/"},{"@type":"ListItem","position":2,"name":"Registrazione"}]},{"@type":"WebSite","@id":"https:\/\/alpenregionstreffen2020.com\/#website","url":"https:\/\/alpenregionstreffen2020.com\/","name":"26. Alpenregionstreffen 2022 der Sch\u00fctzen von Tirol, S\u00fcdtirol, Welschtirol und Bayern","description":"Das 26. Alpenregionstreffen der Sch\u00fctzen von Tirol, S\u00fcdtirol, Welschtirol und Bayern findet vom 13. \u2013 15. Mai 2022 in St. Martin im Passeiertal statt.","publisher":{"@id":"https:\/\/alpenregionstreffen2020.com\/#organization"},"potentialAction":[{"@type":"SearchAction","target":{"@type":"EntryPoint","urlTemplate":"https:\/\/alpenregionstreffen2020.com\/?s={search_term_string}"},"query-input":{"@type":"PropertyValueSpecification","valueRequired":true,"valueName":"search_term_string"}}],"inLanguage":"it-IT"},{"@type":"Organization","@id":"https:\/\/alpenregionstreffen2020.com\/#organization","name":"26. Alpenregionstreffen 2022 der Sch\u00fctzen von Tirol, S\u00fcdtirol, Welschtirol und Bayern","url":"https:\/\/alpenregionstreffen2020.com\/","logo":{"@type":"ImageObject","inLanguage":"it-IT","@id":"https:\/\/alpenregionstreffen2020.com\/#\/schema\/logo\/image\/","url":"https:\/\/alpenregionstreffen2020.com\/wordpress\/wp-content\/uploads\/2019\/05\/schuetzenkompanie_st_martin_passeier.png","contentUrl":"https:\/\/alpenregionstreffen2020.com\/wordpress\/wp-content\/uploads\/2019\/05\/schuetzenkompanie_st_martin_passeier.png","width":482,"height":496,"caption":"26. Alpenregionstreffen 2022 der Sch\u00fctzen von Tirol, S\u00fcdtirol, Welschtirol und Bayern"},"image":{"@id":"https:\/\/alpenregionstreffen2020.com\/#\/schema\/logo\/image\/"}}]}},"_links":{"self":[{"href":"https:\/\/alpenregionstreffen2020.com\/it\/wp-json\/wp\/v2\/pages\/7109","targetHints":{"allow":["GET"]}}],"collection":[{"href":"https:\/\/alpenregionstreffen2020.com\/it\/wp-json\/wp\/v2\/pages"}],"about":[{"href":"https:\/\/alpenregionstreffen2020.com\/it\/wp-json\/wp\/v2\/types\/page"}],"author":[{"embeddable":true,"href":"https:\/\/alpenregionstreffen2020.com\/it\/wp-json\/wp\/v2\/users\/1"}],"replies":[{"embeddable":true,"href":"https:\/\/alpenregionstreffen2020.com\/it\/wp-json\/wp\/v2\/comments?post=7109"}],"version-history":[{"count":13,"href":"https:\/\/alpenregionstreffen2020.com\/it\/wp-json\/wp\/v2\/pages\/7109\/revisions"}],"predecessor-version":[{"id":8467,"href":"https:\/\/alpenregionstreffen2020.com\/it\/wp-json\/wp\/v2\/pages\/7109\/revisions\/8467"}],"wp:featuredmedia":[{"embeddable":true,"href":"https:\/\/alpenregionstreffen2020.com\/it\/wp-json\/wp\/v2\/media\/7962"}],"wp:attachment":[{"href":"https:\/\/alpenregionstreffen2020.com\/it\/wp-json\/wp\/v2\/media?parent=7109"}],"curies":[{"name":"wp","href":"https:\/\/api.w.org\/{rel}","templated":true}]}}